{"id":8930,"date":"2024-08-31T10:29:41","date_gmt":"2024-08-31T08:29:41","guid":{"rendered":"https:\/\/lavieensoie.fr\/?page_id=8930"},"modified":"2025-07-30T16:24:36","modified_gmt":"2025-07-30T14:24:36","slug":"reflexologie","status":"publish","type":"page","link":"https:\/\/lavieensoie.fr\/index.php\/nos-professionnels\/equipe\/reflexologie\/","title":{"rendered":"R\u00e9flexologue"},"content":{"rendered":"<p><div class=\"fusion-fullwidth fullwidth-box fusion-builder-row-1 fusion-flex-container hundred-percent-fullwidth non-hundred-percent-height-scrolling\" style=\"--link_hover_color: #000000;--link_color: rgba(73,73,73,0);--awb-border-sizes-top:8px;--awb-border-sizes-bottom:8px;--awb-border-sizes-left:0px;--awb-border-sizes-right:0px;--awb-border-color:rgba(247,235,249,0);--awb-border-radius-top-left:0px;--awb-border-radius-top-right:0px;--awb-border-radius-bottom-right:0px;--awb-border-radius-bottom-left:0px;--awb-padding-top:0px;--awb-padding-right:0px;--awb-padding-bottom:0px;--awb-padding-left:2px;--awb-margin-top:0px;--awb-margin-bottom:0px;--awb-background-color:rgba(119,119,119,0);--awb-flex-wrap:wrap;\" id=\"Aur\u00e9lie\" ><div class=\"fusion-builder-row fusion-row fusion-flex-align-items-flex-start fusion-flex-content-wrap\" style=\"width:104% !important;max-width:104% !important;margin-left: calc(-4% \/ 2 );margin-right: calc(-4% \/ 2 );\"><div class=\"fusion-layout-column fusion_builder_column fusion-builder-column-0 fusion_builder_column_1_1 1_1 fusion-flex-column\" style=\"--awb-bg-size:cover;--awb-width-large:100%;--awb-margin-top-large:0px;--awb-spacing-right-large:1.92%;--awb-margin-bottom-large:0px;--awb-spacing-left-large:1.92%;--awb-width-medium:100%;--awb-spacing-right-medium:1.92%;--awb-spacing-left-medium:1.92%;--awb-width-small:100%;--awb-spacing-right-small:1.92%;--awb-spacing-left-small:1.92%;\"><div class=\"fusion-column-wrapper fusion-column-has-shadow fusion-flex-justify-content-flex-start fusion-content-layout-column\"><div class=\"fusion-title title fusion-title-1 fusion-sep-none fusion-title-center fusion-title-text fusion-title-size-two\" style=\"--awb-margin-top:0px;\"><h2 class=\"fusion-title-heading title-heading-center fusion-responsive-typography-calculated\" style=\"margin:0;--fontSize:40;line-height:1.2;\"><h2 style=\"text-align: center;\"><span style=\"color: #cfbda6;\"><span style=\"vertical-align: inherit;\"><span style=\"vertical-align: inherit;\">R\u00e9flexologue<\/span><\/span><\/span><\/h2><\/h2><\/div><div class=\"fusion-title title fusion-title-2 fusion-sep-none fusion-title-center fusion-title-text fusion-title-size-two\" style=\"--awb-margin-top:0px;\"><h2 class=\"fusion-title-heading title-heading-center fusion-responsive-typography-calculated\" style=\"margin:0;--fontSize:40;line-height:1.2;\"><\/h2><\/div><\/div><\/div><\/div><\/div><div id=\"prices\" class=\"fusion-container-anchor\"><div class=\"fusion-fullwidth fullwidth-box fusion-builder-row-2 hundred-percent-fullwidth non-hundred-percent-height-scrolling\" style=\"--link_hover_color: rgba(206,174,150,0.4);--awb-background-repeat:repeat-y;--awb-background-blend-mode:overlay;--awb-border-sizes-top:0px;--awb-border-sizes-bottom:0px;--awb-border-sizes-left:0px;--awb-border-sizes-right:0px;--awb-border-radius-top-left:0px;--awb-border-radius-top-right:0px;--awb-border-radius-bottom-right:0px;--awb-border-radius-bottom-left:0px;--awb-padding-top:0px;--awb-padding-bottom:0px;--awb-margin-top:0px;--awb-margin-bottom:0px;--awb-background-color:rgba(244,67,54,0);--awb-flex-wrap:wrap;\" ><div class=\"fusion-builder-row fusion-row\"><div class=\"fusion-layout-column fusion_builder_column fusion-builder-column-1 fusion_builder_column_1_3 1_3 fusion-one-third fusion-column-first fusion-column-no-min-height\" style=\"--awb-padding-top:43px;--awb-padding-bottom:167px;--awb-bg-image:url(&#039;https:\/\/lavieensoie.fr\/wp-content\/uploads\/2017\/11\/services-bg3_26-e1518615760726-scaled.jpg&#039;);--awb-bg-position:center center;--awb-bg-repeat:repeat-y;--awb-margin-top:10px;--awb-margin-bottom:0px;width:33.333333333333%;width:calc(33.333333333333% - ( ( 0% ) * 0.33333333333333 ) );margin-right: 0%;\"><div class=\"fusion-column-wrapper fusion-column-has-shadow fusion-flex-column-wrapper-legacy fusion-column-has-bg-image\" data-bg-url=\"https:\/\/lavieensoie.fr\/wp-content\/uploads\/2017\/11\/services-bg3_26-e1518615760726-scaled.jpg\"><div class=\"fusion-image-element fusion-image-align-center in-legacy-container\" style=\"text-align:center;--awb-aspect-ratio:1 \/ 1;--awb-max-width:500px;--awb-caption-title-font-family:var(--h2_typography-font-family);--awb-caption-title-font-weight:var(--h2_typography-font-weight);--awb-caption-title-font-style:var(--h2_typography-font-style);--awb-caption-title-size:var(--h2_typography-font-size);--awb-caption-title-transform:var(--h2_typography-text-transform);--awb-caption-title-line-height:var(--h2_typography-line-height);--awb-caption-title-letter-spacing:var(--h2_typography-letter-spacing);\"><div class=\"imageframe-align-center\"><div style=\"display:inline-block;width:500px;\"><span class=\" fusion-imageframe imageframe-none imageframe-1 hover-type-none has-aspect-ratio fusion-animated\" style=\"border-radius:450%;\" data-animationType=\"fadeInDown\" data-animationDuration=\"1.0\" data-animationOffset=\"top-into-view\"><img decoding=\"async\" width=\"600\" height=\"736\" title=\"IMG_9179\" src=\"https:\/\/lavieensoie.fr\/wp-content\/uploads\/2025\/05\/IMG_9179-scaled-e1746187354584-600x736.jpg\" class=\"img-responsive wp-image-9392 img-with-aspect-ratio\" alt srcset=\"https:\/\/lavieensoie.fr\/wp-content\/uploads\/2025\/05\/IMG_9179-scaled-e1746187354584-200x245.jpg 200w, https:\/\/lavieensoie.fr\/wp-content\/uploads\/2025\/05\/IMG_9179-scaled-e1746187354584-400x491.jpg 400w, https:\/\/lavieensoie.fr\/wp-content\/uploads\/2025\/05\/IMG_9179-scaled-e1746187354584-600x736.jpg 600w, https:\/\/lavieensoie.fr\/wp-content\/uploads\/2025\/05\/IMG_9179-scaled-e1746187354584-800x982.jpg 800w, https:\/\/lavieensoie.fr\/wp-content\/uploads\/2025\/05\/IMG_9179-scaled-e1746187354584-1200x1472.jpg 1200w, https:\/\/lavieensoie.fr\/wp-content\/uploads\/2025\/05\/IMG_9179-scaled-e1746187354584.jpg 1485w\" sizes=\"(max-width: 800px) 100vw, 400px\" \/><\/span><\/div><\/div><\/div><div class=\"fusion-title title fusion-title-3 fusion-sep-none fusion-title-center fusion-title-text fusion-title-size-three\" style=\"--awb-margin-top:30px;--awb-margin-bottom:1px;--awb-margin-top-small:30px;--awb-margin-bottom-small:1px;--awb-font-size:30px;\"><h3 class=\"fusion-title-heading title-heading-center fusion-responsive-typography-calculated\" style=\"margin:0;font-size:1em;--fontSize:30;--minFontSize:30;line-height:1.08;\"><p style=\"text-align: center;\"><span style=\"color: #cfbda6;\"><span style=\"vertical-align: inherit;\"><span style=\"vertical-align: inherit;\">C\u00e9line<\/span><\/span><\/span><\/p><\/h3><\/div><div class=\"fusion-title title fusion-title-4 fusion-sep-none fusion-title-center fusion-title-text fusion-title-size-three\" style=\"--awb-margin-top:30px;--awb-margin-bottom:1px;--awb-margin-top-small:30px;--awb-margin-bottom-small:1px;--awb-font-size:30px;\"><h3 class=\"fusion-title-heading title-heading-center fusion-responsive-typography-calculated\" style=\"margin:0;font-size:1em;--fontSize:30;--minFontSize:30;line-height:1.08;\"><p style=\"text-align: center;\"><span style=\"color: #cfbda6;\"><span style=\"vertical-align: inherit;\"><span style=\"vertical-align: inherit;\">R\u00e9flexologue certifi\u00e9e<\/span><\/span><\/span><\/p><\/h3><\/div><div class=\"fusion-title title fusion-title-5 fusion-sep-none fusion-title-center fusion-title-text fusion-title-size-three\" style=\"--awb-margin-top:30px;--awb-margin-bottom:1px;--awb-margin-top-small:30px;--awb-margin-bottom-small:1px;--awb-font-size:30px;\"><h3 class=\"fusion-title-heading title-heading-center fusion-responsive-typography-calculated\" style=\"margin:0;font-size:1em;--fontSize:30;--minFontSize:30;line-height:1.08;\"><p style=\"text-align: center;\"><span style=\"color: #cfbda6;\"><span style=\"vertical-align: inherit;\"><span style=\"vertical-align: inherit;\">R\u00e9flexologie plantaire, vert\u00e9brale &amp; visage type \u00ab\u00a0Kobido\u00a0\u00bb<\/span><\/span><\/span><\/p><\/h3><\/div><div class=\"fusion-text fusion-text-1\"><h6 style=\"text-align: center;\"><span style=\"color: #808080;\"><span style=\"vertical-align: inherit;\"><span style=\"color: #808080;\">Adultes, enfants &amp; B\u00e9b\u00e9 Emotionnelle\u00ae<\/span><\/span><\/span><\/h6>\n<\/div><div class=\"fusion-aligncenter\"><a class=\"fusion-button button-3d button-small button-custom fusion-button-default button-1 fusion-button-span-no fusion-has-button-gradient\" style=\"--button_bevel_color:#cfbda6;--button_accent_color:#545454;--button_accent_hover_color:#ffffff;--button_border_hover_color:#e81e90;--button_border_width-top:0px;--button_border_width-right:0px;--button_border_width-bottom:0px;--button_border_width-left:0px;--button_gradient_top_color:#cfbda6;--button_gradient_bottom_color:#cfbda6;--button_gradient_top_color_hover:#cfbda6;--button_gradient_bottom_color_hover:rgba(255,255,255,0.69);\" target=\"_blank\" rel=\"noopener noreferrer\" href=\"https:\/\/www.celoa-reflexo.fr\/\"><span class=\"fusion-button-text\">Prendre rendez-vous<\/span><\/a><\/div><div class=\"fusion-clearfix\"><\/div><\/div><\/div><div class=\"fusion-layout-column fusion_builder_column fusion-builder-column-2 fusion_builder_column_2_3 2_3 fusion-two-third fusion-column-last fusion-column-no-min-height\" style=\"--awb-padding-right:30px;--awb-padding-bottom:24px;--awb-padding-left:30px;--awb-overflow:hidden;--awb-bg-color:rgba(255,255,255,0);--awb-bg-color-hover:rgba(255,255,255,0);--awb-bg-size:cover;--awb-box-shadow:0px 10px 0px -100px #c9dac8;;--awb-border-radius:15px 15px 15px 15px;--awb-margin-top:25px;--awb-margin-bottom:0px;width:66.666666666667%;width:calc(66.666666666667% - ( ( 0% ) * 0.66666666666667 ) );\"><div class=\"fusion-column-wrapper fusion-column-has-shadow fusion-flex-column-wrapper-legacy\"><div class=\"fusion-column-content-centered\"><div class=\"fusion-column-content\"><div class=\"fusion-sep-clear\"><\/div><div class=\"fusion-separator fusion-full-width-sep\" style=\"margin-left: auto;margin-right: auto;width:100%;\"><\/div><div class=\"fusion-sep-clear\"><\/div><div class=\"fusion-text fusion-text-2 fusion-text-no-margin\" style=\"--awb-margin-bottom:50px;\"><div>R\u00e9flexologue certifi\u00e9e depuis 2022, j&rsquo;accompagne petits et grands gr\u00e2ce \u00e0 la r\u00e9flexologie, une approche globale qui permet de retrouver et\/ou maintenir son \u00e9quilibre qu&rsquo;il soit physique, mental et \u00e9motionnel.<\/div>\n<div>Les s\u00e9ances sont adapt\u00e9es et personnalis\u00e9es en fonction des besoins, des moments de vie et des d\u00e9s\u00e9quilibres rencontr\u00e9s.<\/div>\n<div>&nbsp;<\/div>\n<div>Form\u00e9e en r\u00e9flexologie plantaire, je me suis \u00e9galement sp\u00e9cialis\u00e9e \u00e0 la r\u00e9flexologie vert\u00e9brale, et la r\u00e9flexologie visage type \u00ab\u00a0Kobido\u00a0\u00bb. La r\u00e9flexologie b\u00e9b\u00e9 \u00e9motionnelle\u00ae s&rsquo;inscrit dans la continuit\u00e9&nbsp;de mon accompagnement aupr\u00e8s des parents en s\u00e9ances individuelles et\/ou en ateliers.<\/div>\n<\/div><div class=\"fusion-sep-clear\"><\/div><div class=\"fusion-separator fusion-full-width-sep\" style=\"margin-left: auto;margin-right: auto;width:100%;\"><\/div><div class=\"fusion-sep-clear\"><\/div><div class=\"fusion-text fusion-text-3\" style=\"--awb-margin-top:50px;\"><div>\n<h4><strong>R\u00e9flexologie plantaire&nbsp;<\/strong><\/h4>\n<div>La r\u00e9flexologie plantaire est une technique manuelle qui permet d\u2019aider naturellement l\u2019organisme \u00e0 retrouver ou maintenir son \u00e9quilibre et son \u00e9nergie vitale. Apaiser ou stimuler certaines \u00ab zones r\u00e9flexes \u00bb sous\/sur vos pieds permettra de soulager vos maux du quotidien mais \u00e9galement de vous accompagner dans la gestion de vos \u00e9motions.<\/div>\n<div><\/div>\n<h4><strong>R\u00e9flexologie vert\u00e9brale<\/strong><\/h4>\n<div>La r\u00e9flexologie vert\u00e9brale est une technique douce et manuelle, pratiqu\u00e9e sur dos nu, qui va permettre d\u2019atteindre une relaxation totale gr\u00e2ce au travail effectu\u00e9 en profondeur sur la r\u00e9gulation des tensions nerveuses. L\u2019objectif : lib\u00e9rer votre corps et faire de la place pour accueillir de belles \u00e9nergies<\/div>\n<div><\/div>\n<h4><strong>R\u00e9flexologie visage type \u00ab\u00a0KOBIDO\u00a0\u00bb<\/strong><\/h4>\n<div>Plus qu\u2019un massage, ce soin type \u00ab Kobido \u00bb est un rituel de beaut\u00e9 ancestral japonais qui stimule les muscles et tissus du visage en profondeur. Les \u00e9paules, le cou, la nuque et le cr\u00e2ne sont aussi travaill\u00e9s. Ce soin est un v\u00e9ritable lifting naturel, redonne son \u00e9clat \u00e0 la peau et la raffermit. Il provoque un v\u00e9ritable effet tenseur et repulpant<\/div>\n<div><\/div>\n<h4><strong>R\u00e9flexologie B\u00e9b\u00e9 \u00c9motionnelle \u00ae<\/strong><\/h4>\n<div>Cette m\u00e9thode permet de soulager les maux du quotidien et apaiser les \u00e9motions du b\u00e9b\u00e9 mais aussi du jeune enfant. Elle lib\u00e8re des blocages \u00e9motionnels li\u00e9s \u00e0 la vie intra ut\u00e9rine, \u00e0 la naissance ou \u00e0 l\u2019histoire familiale de l\u2019enfant<\/div>\n<\/div>\n<\/div><div class=\"fusion-text fusion-text-4\" style=\"--awb-margin-top:100px;\"><div>\n<h5><b>Les tarifs :&nbsp;<\/b><\/h5>\n<h5>&nbsp;<\/h5>\n<h5><strong>ADULTE<\/strong><\/h5>\n<h5>&#8211; R\u00e9flexologie plantaire 60 \u20ac<\/h5>\n<h5>&#8211; R\u00e9flexologie Vert\u00e9brale 70 \u20ac<\/h5>\n<h5>&#8211; R\u00e9flexologie visage type \u00ab\u00a0KOBIDO\u00a0\u00bb 70 \u20ac<\/h5>\n<h5>&nbsp;<\/h5>\n<h5>&#8211; R\u00e9flexologie plantaire + vert\u00e9brale 120 \u20ac<\/h5>\n<h5>&#8211; R\u00e9flexologie plantaire + Kobido 120 \u20ac<\/h5>\n<h5>&#8211; R\u00e9flexologie Vert\u00e9brale + Kobido 130 \u20ac<\/h5>\n<h5>&nbsp;<\/h5>\n<h5><strong>ENFANTS<\/strong><\/h5>\n<h5>&#8211; R\u00e9flexologie B\u00e9b\u00e9 Emotionnelle\u00ae (0 &#8211; 12 ans) 50e<\/h5>\n<h5>&#8211; R\u00e9flexologie plantaire Enfants (12-16 ans) 50e<\/h5>\n<h5>&nbsp;<\/h5>\n<\/div>\n<\/div><div class=\"fusion-text fusion-text-5\"><h6 style=\"text-align: center;\"><em>Retrouvez ses prestations et tarifs sur la page <a href=\"https:\/\/lavieensoie.fr\/index.php\/nos-prestations\/consultations-conception\/\"><span style=\"color: #cfbda6;\">consultations individuelles<\/span><\/a><\/em><\/h6>\n<\/div><\/div><\/div><div class=\"fusion-clearfix\"><\/div><\/div><\/div><\/div><\/div><\/div><\/p>\n","protected":false},"excerpt":{"rendered":"","protected":false},"author":2,"featured_media":0,"parent":1720,"menu_order":0,"comment_status":"closed","ping_status":"closed","template":"100-width.php","meta":{"footnotes":""},"class_list":["post-8930","page","type-page","status-publish","hentry"],"acf":[],"yoast_head":"<!-- This site is optimized with the Yoast SEO plugin v21.1 - https:\/\/yoast.com\/wordpress\/plugins\/seo\/ -->\n<title>R\u00e9flexologue - La vie en soie<\/title>\n<meta name=\"robots\" content=\"index, follow, max-snippet:-1, max-image-preview:large, max-video-preview:-1\" \/>\n<link rel=\"canonical\" href=\"https:\/\/lavieensoie.fr\/index.php\/nos-professionnels\/equipe\/reflexologie\/\" \/>\n<meta property=\"og:locale\" content=\"fr_FR\" \/>\n<meta property=\"og:type\" content=\"article\" \/>\n<meta property=\"og:title\" content=\"R\u00e9flexologue - La vie en soie\" \/>\n<meta property=\"og:url\" content=\"https:\/\/lavieensoie.fr\/index.php\/nos-professionnels\/equipe\/reflexologie\/\" \/>\n<meta property=\"og:site_name\" content=\"La vie en soie\" \/>\n<meta property=\"article:modified_time\" content=\"2025-07-30T14:24:36+00:00\" \/>\n<meta name=\"twitter:card\" content=\"summary_large_image\" \/>\n<meta name=\"twitter:label1\" content=\"Dur\u00e9e de lecture estim\u00e9e\" \/>\n\t<meta name=\"twitter:data1\" content=\"8 minutes\" \/>\n<script type=\"application\/ld+json\" class=\"yoast-schema-graph\">{\"@context\":\"https:\/\/schema.org\",\"@graph\":[{\"@type\":\"WebPage\",\"@id\":\"https:\/\/lavieensoie.fr\/index.php\/nos-professionnels\/equipe\/reflexologie\/\",\"url\":\"https:\/\/lavieensoie.fr\/index.php\/nos-professionnels\/equipe\/reflexologie\/\",\"name\":\"R\u00e9flexologue - La vie en soie\",\"isPartOf\":{\"@id\":\"https:\/\/lavieensoie.fr\/#website\"},\"datePublished\":\"2024-08-31T08:29:41+00:00\",\"dateModified\":\"2025-07-30T14:24:36+00:00\",\"breadcrumb\":{\"@id\":\"https:\/\/lavieensoie.fr\/index.php\/nos-professionnels\/equipe\/reflexologie\/#breadcrumb\"},\"inLanguage\":\"fr-FR\",\"potentialAction\":[{\"@type\":\"ReadAction\",\"target\":[\"https:\/\/lavieensoie.fr\/index.php\/nos-professionnels\/equipe\/reflexologie\/\"]}]},{\"@type\":\"BreadcrumbList\",\"@id\":\"https:\/\/lavieensoie.fr\/index.php\/nos-professionnels\/equipe\/reflexologie\/#breadcrumb\",\"itemListElement\":[{\"@type\":\"ListItem\",\"position\":1,\"name\":\"Accueil\",\"item\":\"https:\/\/lavieensoie.fr\/\"},{\"@type\":\"ListItem\",\"position\":2,\"name\":\"Nos professionnels\",\"item\":\"https:\/\/lavieensoie.fr\/index.php\/nos-professionnels\/\"},{\"@type\":\"ListItem\",\"position\":3,\"name\":\"Equipe\",\"item\":\"https:\/\/lavieensoie.fr\/index.php\/nos-professionnels\/equipe\/\"},{\"@type\":\"ListItem\",\"position\":4,\"name\":\"R\u00e9flexologue\"}]},{\"@type\":\"WebSite\",\"@id\":\"https:\/\/lavieensoie.fr\/#website\",\"url\":\"https:\/\/lavieensoie.fr\/\",\"name\":\"La vie en soie\",\"description\":\"Bien-\u00eatre parents enfants\",\"publisher\":{\"@id\":\"https:\/\/lavieensoie.fr\/#organization\"},\"potentialAction\":[{\"@type\":\"SearchAction\",\"target\":{\"@type\":\"EntryPoint\",\"urlTemplate\":\"https:\/\/lavieensoie.fr\/?s={search_term_string}\"},\"query-input\":\"required name=search_term_string\"}],\"inLanguage\":\"fr-FR\"},{\"@type\":\"Organization\",\"@id\":\"https:\/\/lavieensoie.fr\/#organization\",\"name\":\"La vie en soie\",\"url\":\"https:\/\/lavieensoie.fr\/\",\"logo\":{\"@type\":\"ImageObject\",\"inLanguage\":\"fr-FR\",\"@id\":\"https:\/\/lavieensoie.fr\/#\/schema\/logo\/image\/\",\"url\":\"https:\/\/lavieensoie.fr\/wp-content\/uploads\/2021\/08\/cropped-Sans-titre-3.png\",\"contentUrl\":\"https:\/\/lavieensoie.fr\/wp-content\/uploads\/2021\/08\/cropped-Sans-titre-3.png\",\"width\":500,\"height\":500,\"caption\":\"La vie en soie\"},\"image\":{\"@id\":\"https:\/\/lavieensoie.fr\/#\/schema\/logo\/image\/\"}}]}<\/script>\n<!-- \/ Yoast SEO plugin. -->","yoast_head_json":{"title":"R\u00e9flexologue - La vie en soie","robots":{"index":"index","follow":"follow","max-snippet":"max-snippet:-1","max-image-preview":"max-image-preview:large","max-video-preview":"max-video-preview:-1"},"canonical":"https:\/\/lavieensoie.fr\/index.php\/nos-professionnels\/equipe\/reflexologie\/","og_locale":"fr_FR","og_type":"article","og_title":"R\u00e9flexologue - La vie en soie","og_url":"https:\/\/lavieensoie.fr\/index.php\/nos-professionnels\/equipe\/reflexologie\/","og_site_name":"La vie en soie","article_modified_time":"2025-07-30T14:24:36+00:00","twitter_card":"summary_large_image","twitter_misc":{"Dur\u00e9e de lecture estim\u00e9e":"8 minutes"},"schema":{"@context":"https:\/\/schema.org","@graph":[{"@type":"WebPage","@id":"https:\/\/lavieensoie.fr\/index.php\/nos-professionnels\/equipe\/reflexologie\/","url":"https:\/\/lavieensoie.fr\/index.php\/nos-professionnels\/equipe\/reflexologie\/","name":"R\u00e9flexologue - La vie en soie","isPartOf":{"@id":"https:\/\/lavieensoie.fr\/#website"},"datePublished":"2024-08-31T08:29:41+00:00","dateModified":"2025-07-30T14:24:36+00:00","breadcrumb":{"@id":"https:\/\/lavieensoie.fr\/index.php\/nos-professionnels\/equipe\/reflexologie\/#breadcrumb"},"inLanguage":"fr-FR","potentialAction":[{"@type":"ReadAction","target":["https:\/\/lavieensoie.fr\/index.php\/nos-professionnels\/equipe\/reflexologie\/"]}]},{"@type":"BreadcrumbList","@id":"https:\/\/lavieensoie.fr\/index.php\/nos-professionnels\/equipe\/reflexologie\/#breadcrumb","itemListElement":[{"@type":"ListItem","position":1,"name":"Accueil","item":"https:\/\/lavieensoie.fr\/"},{"@type":"ListItem","position":2,"name":"Nos professionnels","item":"https:\/\/lavieensoie.fr\/index.php\/nos-professionnels\/"},{"@type":"ListItem","position":3,"name":"Equipe","item":"https:\/\/lavieensoie.fr\/index.php\/nos-professionnels\/equipe\/"},{"@type":"ListItem","position":4,"name":"R\u00e9flexologue"}]},{"@type":"WebSite","@id":"https:\/\/lavieensoie.fr\/#website","url":"https:\/\/lavieensoie.fr\/","name":"La vie en soie","description":"Bien-\u00eatre parents enfants","publisher":{"@id":"https:\/\/lavieensoie.fr\/#organization"},"potentialAction":[{"@type":"SearchAction","target":{"@type":"EntryPoint","urlTemplate":"https:\/\/lavieensoie.fr\/?s={search_term_string}"},"query-input":"required name=search_term_string"}],"inLanguage":"fr-FR"},{"@type":"Organization","@id":"https:\/\/lavieensoie.fr\/#organization","name":"La vie en soie","url":"https:\/\/lavieensoie.fr\/","logo":{"@type":"ImageObject","inLanguage":"fr-FR","@id":"https:\/\/lavieensoie.fr\/#\/schema\/logo\/image\/","url":"https:\/\/lavieensoie.fr\/wp-content\/uploads\/2021\/08\/cropped-Sans-titre-3.png","contentUrl":"https:\/\/lavieensoie.fr\/wp-content\/uploads\/2021\/08\/cropped-Sans-titre-3.png","width":500,"height":500,"caption":"La vie en soie"},"image":{"@id":"https:\/\/lavieensoie.fr\/#\/schema\/logo\/image\/"}}]}},"_links":{"self":[{"href":"https:\/\/lavieensoie.fr\/index.php\/wp-json\/wp\/v2\/pages\/8930","targetHints":{"allow":["GET"]}}],"collection":[{"href":"https:\/\/lavieensoie.fr\/index.php\/wp-json\/wp\/v2\/pages"}],"about":[{"href":"https:\/\/lavieensoie.fr\/index.php\/wp-json\/wp\/v2\/types\/page"}],"author":[{"embeddable":true,"href":"https:\/\/lavieensoie.fr\/index.php\/wp-json\/wp\/v2\/users\/2"}],"replies":[{"embeddable":true,"href":"https:\/\/lavieensoie.fr\/index.php\/wp-json\/wp\/v2\/comments?post=8930"}],"version-history":[{"count":10,"href":"https:\/\/lavieensoie.fr\/index.php\/wp-json\/wp\/v2\/pages\/8930\/revisions"}],"predecessor-version":[{"id":9639,"href":"https:\/\/lavieensoie.fr\/index.php\/wp-json\/wp\/v2\/pages\/8930\/revisions\/9639"}],"up":[{"embeddable":true,"href":"https:\/\/lavieensoie.fr\/index.php\/wp-json\/wp\/v2\/pages\/1720"}],"wp:attachment":[{"href":"https:\/\/lavieensoie.fr\/index.php\/wp-json\/wp\/v2\/media?parent=8930"}],"curies":[{"name":"wp","href":"https:\/\/api.w.org\/{rel}","templated":true}]}}