{"id":3412,"date":"2021-12-22T15:30:32","date_gmt":"2021-12-22T14:30:32","guid":{"rendered":"https:\/\/lavieensoie.fr\/?page_id=3412"},"modified":"2024-10-18T17:24:03","modified_gmt":"2024-10-18T15:24:03","slug":"consultante-puericultrice","status":"publish","type":"page","link":"https:\/\/lavieensoie.fr\/index.php\/nos-professionnels\/equipe\/consultante-puericultrice\/","title":{"rendered":"Consultante pu\u00e9ricultrice"},"content":{"rendered":"<p><div class=\"fusion-fullwidth fullwidth-box fusion-builder-row-1 fusion-flex-container hundred-percent-fullwidth non-hundred-percent-height-scrolling\" style=\"--link_hover_color: #000000;--link_color: rgba(73,73,73,0);--awb-border-sizes-top:8px;--awb-border-sizes-bottom:8px;--awb-border-sizes-left:0px;--awb-border-sizes-right:0px;--awb-border-color:rgba(247,235,249,0);--awb-border-radius-top-left:0px;--awb-border-radius-top-right:0px;--awb-border-radius-bottom-right:0px;--awb-border-radius-bottom-left:0px;--awb-padding-top:0px;--awb-padding-right:0px;--awb-padding-bottom:0px;--awb-padding-left:2px;--awb-margin-top:0px;--awb-margin-bottom:0px;--awb-background-color:rgba(119,119,119,0);--awb-flex-wrap:wrap;\" id=\"Aur\u00e9lie\" ><div class=\"fusion-builder-row fusion-row fusion-flex-align-items-flex-start fusion-flex-content-wrap\" style=\"width:104% !important;max-width:104% !important;margin-left: calc(-4% \/ 2 );margin-right: calc(-4% \/ 2 );\"><div class=\"fusion-layout-column fusion_builder_column fusion-builder-column-0 fusion_builder_column_1_1 1_1 fusion-flex-column\" style=\"--awb-bg-size:cover;--awb-width-large:100%;--awb-margin-top-large:0px;--awb-spacing-right-large:1.92%;--awb-margin-bottom-large:0px;--awb-spacing-left-large:1.92%;--awb-width-medium:100%;--awb-spacing-right-medium:1.92%;--awb-spacing-left-medium:1.92%;--awb-width-small:100%;--awb-spacing-right-small:1.92%;--awb-spacing-left-small:1.92%;\"><div class=\"fusion-column-wrapper fusion-column-has-shadow fusion-flex-justify-content-flex-start fusion-content-layout-column\"><div class=\"fusion-title title fusion-title-1 fusion-sep-none fusion-title-center fusion-title-text fusion-title-size-two\" style=\"--awb-margin-top:0px;\"><h2 class=\"fusion-title-heading title-heading-center fusion-responsive-typography-calculated\" style=\"margin:0;--fontSize:40;line-height:1.2;\"><h2><span style=\"color: #cfbda6;\"><span style=\"vertical-align: inherit;\"><span style=\"vertical-align: inherit;\">Consultante en parentalit\u00e9 &#8211;\u00a0 <\/span><\/span><\/span><span style=\"color: #cfbda6;\"><span style=\"vertical-align: inherit;\"><span style=\"vertical-align: inherit;\">Sant\u00e9 nourrisson &amp; enfant<\/span><\/span><\/span><\/h2><\/h2><\/div><div class=\"fusion-title title fusion-title-2 fusion-sep-none fusion-title-center fusion-title-text fusion-title-size-two\" style=\"--awb-margin-top:0px;\"><h2 class=\"fusion-title-heading title-heading-center fusion-responsive-typography-calculated\" style=\"margin:0;--fontSize:40;line-height:1.2;\"><\/h2><\/div><\/div><\/div><\/div><\/div><div id=\"prices\" class=\"fusion-container-anchor\"><div class=\"fusion-fullwidth fullwidth-box fusion-builder-row-2 hundred-percent-fullwidth non-hundred-percent-height-scrolling\" style=\"--link_hover_color: rgba(206,174,150,0.4);--awb-background-repeat:repeat-y;--awb-background-blend-mode:overlay;--awb-border-sizes-top:0px;--awb-border-sizes-bottom:0px;--awb-border-sizes-left:0px;--awb-border-sizes-right:0px;--awb-border-radius-top-left:0px;--awb-border-radius-top-right:0px;--awb-border-radius-bottom-right:0px;--awb-border-radius-bottom-left:0px;--awb-padding-top:0px;--awb-padding-bottom:0px;--awb-margin-top:0px;--awb-margin-bottom:0px;--awb-background-color:rgba(244,67,54,0);--awb-flex-wrap:wrap;\" ><div class=\"fusion-builder-row fusion-row\"><div class=\"fusion-layout-column fusion_builder_column fusion-builder-column-1 fusion_builder_column_1_3 1_3 fusion-one-third fusion-column-first fusion-column-no-min-height\" style=\"--awb-padding-top:43px;--awb-padding-bottom:26px;--awb-bg-image:url(&#039;https:\/\/lavieensoie.fr\/wp-content\/uploads\/2017\/11\/services-bg3_26-e1518615760726-scaled.jpg&#039;);--awb-bg-position:center center;--awb-bg-repeat:repeat-y;--awb-margin-top:10px;--awb-margin-bottom:4px;width:33.333333333333%;width:calc(33.333333333333% - ( ( 0% ) * 0.33333333333333 ) );margin-right: 0%;\"><div class=\"fusion-column-wrapper fusion-column-has-shadow fusion-flex-column-wrapper-legacy fusion-column-has-bg-image\" data-bg-url=\"https:\/\/lavieensoie.fr\/wp-content\/uploads\/2017\/11\/services-bg3_26-e1518615760726-scaled.jpg\"><div class=\"fusion-image-element fusion-image-align-center in-legacy-container\" style=\"text-align:center;--awb-max-width:500px;--awb-caption-title-font-family:var(--h2_typography-font-family);--awb-caption-title-font-weight:var(--h2_typography-font-weight);--awb-caption-title-font-style:var(--h2_typography-font-style);--awb-caption-title-size:var(--h2_typography-font-size);--awb-caption-title-transform:var(--h2_typography-text-transform);--awb-caption-title-line-height:var(--h2_typography-line-height);--awb-caption-title-letter-spacing:var(--h2_typography-letter-spacing);\"><div class=\"imageframe-align-center\"><span class=\" fusion-imageframe imageframe-none imageframe-1 hover-type-none fusion-animated\" style=\"border-radius:450%;\" data-animationType=\"fadeInDown\" data-animationDuration=\"1.0\" data-animationOffset=\"top-into-view\"><img decoding=\"async\" src=\"https:\/\/lavieensoie.fr\/wp-content\/uploads\/2024\/08\/3.png\" alt class=\"img-responsive\"\/><\/span><\/div><\/div><div class=\"fusion-title title fusion-title-3 fusion-sep-none fusion-title-center fusion-title-text fusion-title-size-three\" style=\"--awb-margin-top:30px;--awb-margin-bottom:1px;--awb-margin-top-small:30px;--awb-margin-bottom-small:1px;--awb-font-size:30px;\"><h3 class=\"fusion-title-heading title-heading-center fusion-responsive-typography-calculated\" style=\"margin:0;font-size:1em;--fontSize:30;--minFontSize:30;line-height:1.08;\"><p style=\"text-align: center;\"><span style=\"color: #cfbda6;\"><span style=\"vertical-align: inherit;\"><span style=\"vertical-align: inherit;\">Anne-Laure D<\/span><\/span><\/span><\/p><\/h3><\/div><div class=\"fusion-title title fusion-title-4 fusion-sep-none fusion-title-center fusion-title-text fusion-title-size-two\" style=\"--awb-margin-top:0px;\"><h2 class=\"fusion-title-heading title-heading-center fusion-responsive-typography-calculated\" style=\"margin:0;--fontSize:40;line-height:1.2;\"><h6><span style=\"color: #cfbda6;\"><span style=\"vertical-align: inherit;\"><span style=\"vertical-align: inherit;\">Infirmi\u00e8re pu\u00e9ricultrice<\/span><\/span><\/span><\/h6><\/h2><\/div><div class=\"fusion-text fusion-text-1\"><h6 style=\"text-align: center;\"><span style=\"color: #808080;\"><span style=\"vertical-align: inherit;\"><span style=\"color: #808080;\">Futurs parents, nourrissons, enfants, parents<\/span><\/span><\/span><\/h6>\n<\/div><div class=\"fusion-sep-clear\"><\/div><div class=\"fusion-separator\" style=\"margin-left: auto;margin-right: auto;margin-bottom:35px;width:100%;max-width:80px;\"><div class=\"fusion-separator-border sep-single sep-solid\" style=\"--awb-height:20px;--awb-amount:20px;--awb-sep-color:#8b7665;border-color:#8b7665;border-top-width:1px;\"><\/div><\/div><div class=\"fusion-sep-clear\"><\/div><div class=\"fusion-aligncenter\"><a class=\"fusion-button button-3d button-small button-custom fusion-button-default button-1 fusion-button-span-no fusion-has-button-gradient\" style=\"--button_bevel_color:#cfbda6;--button_accent_color:#545454;--button_accent_hover_color:#ffffff;--button_border_hover_color:#e81e90;--button_border_width-top:0px;--button_border_width-right:0px;--button_border_width-bottom:0px;--button_border_width-left:0px;--button_gradient_top_color:#cfbda6;--button_gradient_bottom_color:#cfbda6;--button_gradient_top_color_hover:#cfbda6;--button_gradient_bottom_color_hover:rgba(255,255,255,0.69);\" target=\"_blank\" rel=\"noopener noreferrer\" href=\"https:\/\/www.doctolib.fr\/infirmiere-puericultrice\/lyon\/anne-laure-djabouabdallah?pid=practice-619074\"><span class=\"fusion-button-text\">Prendre rendez-vous<\/span><\/a><\/div><div class=\"fusion-clearfix\"><\/div><\/div><\/div><div class=\"fusion-layout-column fusion_builder_column fusion-builder-column-2 fusion_builder_column_2_3 2_3 fusion-two-third fusion-column-last fusion-column-no-min-height\" style=\"--awb-padding-right:30px;--awb-padding-bottom:24px;--awb-padding-left:30px;--awb-overflow:hidden;--awb-bg-color:rgba(255,255,255,0);--awb-bg-color-hover:rgba(255,255,255,0);--awb-bg-size:cover;--awb-box-shadow:0px 10px 0px -100px #c9dac8;;--awb-border-radius:15px 15px 15px 15px;--awb-margin-top:62px;--awb-margin-bottom:0px;width:66.666666666667%;width:calc(66.666666666667% - ( ( 0% ) * 0.66666666666667 ) );\"><div class=\"fusion-column-wrapper fusion-column-has-shadow fusion-flex-column-wrapper-legacy\"><div class=\"fusion-column-content-centered\"><div class=\"fusion-column-content\"><div class=\"fusion-text fusion-text-2\"><p style=\"text-align: left;\"><span style=\"color: #808080;\">Infirmi\u00e8re pu\u00e9ricultrice dipl\u00f4m\u00e9e d\u2019\u00e9tat depuis 2014, j\u2019ai exerc\u00e9 plusieurs <\/span><span style=\"color: #808080;\">ann\u00e9es en milieu hospitalier p\u00e9diatrique et en direction de cr\u00e8che pour renforcer <\/span><span style=\"color: #808080;\">mes connaissances sur le d\u00e9veloppement de l\u2019enfant et mon expertise en <\/span><span style=\"color: #808080;\">soutien \u00e0 la parentalit\u00e9.<\/span><\/p>\n<p style=\"text-align: left;\"><span style=\"color: #808080;\">Avec une solide formation sur le d\u00e9veloppement global de l\u2019enfant (moteur, <\/span><span style=\"color: #808080;\">social, \u00e9motionnel, psychique), je peux accompagner votre enfant dans toutes <\/span><span style=\"color: #808080;\">ses \u00e9tapes de vie\u00a0:<\/span><\/p>\n<ul>\n<li style=\"text-align: left;\"><span style=\"color: #808080;\">retour \u00e0 la maison apr\u00e8s la maternit\u00e9 et d\u00e9couvertes des premiers jours,<\/span><\/li>\n<li style=\"text-align: left;\"><span style=\"color: #808080;\">le d\u00e9cryptage de ses besoins et de ses acquisitions au fur et \u00e0 mesure de sa <\/span><span style=\"color: #808080;\">croissance,<\/span><\/li>\n<li style=\"text-align: left;\"><span style=\"color: #808080;\">la mise en place des rythmes, du sommeil,<\/span><\/li>\n<li style=\"text-align: left;\"><span style=\"color: #808080;\">les changements dans son environnement et les bouleversements \u00e9motionnels <\/span><span style=\"color: #808080;\">que cela peut entrainer (choix d\u2019un lieu d\u2019accueil, entr\u00e9e \u00e0 l\u2019\u00e9cole, arriv\u00e9e d\u2019un <\/span><span style=\"color: #808080;\">nouveau b\u00e9b\u00e9, d\u00e9m\u00e9nagement\u2026),<\/span><\/li>\n<li style=\"text-align: left;\"><span style=\"color: #808080;\">la diversification alimentaire classique ou men\u00e9e par l\u2019enfant, l\u2019introduction <\/span><span style=\"color: #808080;\">des solides,<\/span><\/li>\n<li style=\"text-align: left;\"><span style=\"color: #808080;\">l\u2019acquisition de la continence.<\/span><\/li>\n<li style=\"text-align: left;\"><span style=\"color: #808080;\">Dans cet accompagnement global, je vous soutiens aussi dans votre <\/span><span style=\"color: #808080;\">cheminement de parentalit\u00e9\u00a0:<\/span><\/li>\n<li style=\"text-align: left;\"><span style=\"color: #808080;\">trouver ses marques avec un nouveau-n\u00e9, comprendre et accompagner ses <\/span><span style=\"color: #808080;\">pleurs,<\/span><\/li>\n<li style=\"text-align: left;\"><span style=\"color: #808080;\">l\u2019alimentation et l\u2019allaitement : \u00eatre bien inform\u00e9 pour mieux accompagner son <\/span><span style=\"color: #808080;\">b\u00e9b\u00e9,<\/span><\/li>\n<li style=\"text-align: left;\"><span style=\"color: #808080;\">les soins : bain, toucher-massage pour les petits maux du quotidien, lavage de <\/span><span style=\"color: #808080;\">nez, portage,<\/span><\/li>\n<li style=\"text-align: left;\"><span style=\"color: #808080;\">conseils en hygi\u00e8ne de vie pour am\u00e9liorer le v\u00e9cu des affections chroniques ou <\/span><span style=\"color: #808080;\">aig\u00fces (ecz\u00e9ma, irritations du si\u00e8ge, asthme\u2026) et r\u00e9duire les polluants dans <\/span><span style=\"color: #808080;\">l\u2019environnement,<\/span><\/li>\n<\/ul>\n<p style=\"text-align: left;\"><span style=\"color: #808080;\">Les consultations de pu\u00e9ricultrice permettent une approche globale de l\u2019enfant et <\/span><span style=\"color: #808080;\">de sa famille.<\/span><\/p>\n<blockquote>\n<p><span style=\"color: #808080;\">Sensible au maternage proximal, l\u2019empathie et l\u2019\u00e9coute active sont mes outils <\/span><span style=\"color: #808080;\">de soignante param\u00e9dicale pour vous accompagner dans la construction de <\/span><span style=\"color: #808080;\">votre parentalit\u00e9.<\/span><\/p>\n<\/blockquote>\n<\/div><div class=\"fusion-sep-clear\"><\/div><div class=\"fusion-separator fusion-full-width-sep\" style=\"margin-left: auto;margin-right: auto;width:100%;\"><\/div><div class=\"fusion-sep-clear\"><\/div><div class=\"fusion-text fusion-text-3\"><hr \/>\n<h4><strong>Bain Envelopp\u00e9 : Un Moment de Douceur et de Bien-\u00eatre<\/strong><\/h4>\n<p>Offrez \u00e0 votre b\u00e9b\u00e9 un moment apaisant avec le bain envelopp\u00e9. Ce soin doux recr\u00e9e les sensations du ventre maternel, apportant \u00e0 votre b\u00e9b\u00e9 un sentiment de calme et de s\u00e9curit\u00e9. Parfait pour apaiser les nourrissons et renforcer les liens avec les parents, ce moment enveloppe votre b\u00e9b\u00e9 de chaleur et de tendresse.<\/p>\n<p>Votre b\u00e9b\u00e9 est doucement envelopp\u00e9 dans un lange, puis immerg\u00e9 progressivement dans une eau ti\u00e8de, lui procurant une sensation de flottement et de s\u00e9r\u00e9nit\u00e9. Ce bain est particuli\u00e8rement b\u00e9n\u00e9fique pour les b\u00e9b\u00e9s anxieux ou ceux qui ont du mal \u00e0 s&rsquo;adapter \u00e0 la vie hors du ventre.<\/p>\n<ul>\n<li>Favorise la d\u00e9tente et le sommeil de b\u00e9b\u00e9<\/li>\n<li>R\u00e9duit les pleurs et apaise les coliques ou les tensions<\/li>\n<li>Renforce le lien parent-enfant \u00e0 travers un moment de douceur et d\u2019\u00e9change<\/li>\n<li>Cr\u00e9e un sentiment de s\u00e9curit\u00e9 et de bien-\u00eatre gr\u00e2ce \u00e0 la chaleur de l\u2019eau et au maintien doux du lange<\/li>\n<\/ul>\n<p>Que ce soit pour un nouveau-n\u00e9 ou un nourrisson, le bain envelopp\u00e9 est un v\u00e9ritable cocon de bien-\u00eatre, con\u00e7u pour offrir \u00e0 votre b\u00e9b\u00e9 un moment de calme et de complicit\u00e9. Chaque bain est adapt\u00e9 aux besoins et au rythme de votre enfant, pour lui permettre de vivre une exp\u00e9rience relaxante et apaisante.<\/p>\n<p>Ce moment privil\u00e9gi\u00e9 est aussi l&rsquo;occasion, si vous le souhaitez, d&rsquo;\u00e9changer sur la naissance, les premi\u00e8res semaines avec b\u00e9b\u00e9, et de r\u00e9pondre \u00e0 toutes vos questions (soins, alimentation, sommeil, pleurs, etc.).<\/p>\n<p><strong>Offrez \u00e0 votre b\u00e9b\u00e9 ce moment unique de bien-\u00eatre.<\/strong><\/p>\n<\/div><div class=\"fusion-text fusion-text-4\"><h6 style=\"text-align: center;\"><em>Retrouvez ses prestations et tarifs sur la page <a href=\"https:\/\/lavieensoie.fr\/index.php\/nos-prestations\/consultations-conception\/\"><span style=\"color: #cfbda6;\">consultations individuelles<\/span><\/a><\/em><\/h6>\n<\/div><\/div><\/div><div class=\"fusion-clearfix\"><\/div><\/div><\/div><\/div><\/div><\/div><div id=\"prices\" class=\"fusion-container-anchor\"><div class=\"fusion-fullwidth fullwidth-box fusion-builder-row-3 fusion-flex-container hundred-percent-fullwidth non-hundred-percent-height-scrolling\" style=\"--link_hover_color: rgba(206,174,150,0.4);--awb-background-position:center bottom;--awb-background-repeat:repeat-x;--awb-background-blend-mode:overlay;--awb-border-sizes-top:0px;--awb-border-sizes-bottom:0px;--awb-border-sizes-left:0px;--awb-border-sizes-right:0px;--awb-border-radius-top-left:0px;--awb-border-radius-top-right:0px;--awb-border-radius-bottom-right:0px;--awb-border-radius-bottom-left:0px;--awb-padding-top:0px;--awb-padding-bottom:0px;--awb-margin-top:0px;--awb-margin-bottom:0px;--awb-background-color:rgba(244,67,54,0);--awb-flex-wrap:wrap;\" ><div class=\"fusion-builder-row fusion-row fusion-flex-align-items-flex-start fusion-flex-content-wrap\" style=\"width:calc( 100% + 0px ) !important;max-width:calc( 100% + 0px ) !important;margin-left: calc(-0px \/ 2 );margin-right: calc(-0px \/ 2 );\"><div class=\"fusion-layout-column fusion_builder_column fusion-builder-column-3 fusion_builder_column_1_1 1_1 fusion-flex-column fusion-flex-align-self-flex-start fusion-column-no-min-height\" style=\"--awb-padding-right:30px;--awb-padding-bottom:24px;--awb-padding-left:30px;--awb-overflow:hidden;--awb-bg-color:#ffffff;--awb-bg-color-hover:#ffffff;--awb-bg-size:cover;--awb-box-shadow:0px 10px 0px -100px #c9dac8;;--awb-border-radius:15px 15px 15px 15px;--awb-width-large:100%;--awb-margin-top-large:0px;--awb-spacing-right-large:0px;--awb-margin-bottom-large:0px;--awb-spacing-left-large:0px;--awb-width-medium:100%;--awb-spacing-right-medium:0px;--awb-spacing-left-medium:0px;--awb-width-small:100%;--awb-spacing-right-small:0px;--awb-spacing-left-small:0px;\"><div class=\"fusion-column-wrapper fusion-column-has-shadow fusion-flex-justify-content-center fusion-content-layout-column\"><\/div><\/div><\/div><\/div><\/div><\/p>\n","protected":false},"excerpt":{"rendered":"","protected":false},"author":2,"featured_media":0,"parent":1720,"menu_order":0,"comment_status":"closed","ping_status":"closed","template":"","meta":{"footnotes":""},"class_list":["post-3412","page","type-page","status-publish","hentry"],"acf":[],"yoast_head":"<!-- This site is optimized with the Yoast SEO plugin v21.1 - https:\/\/yoast.com\/wordpress\/plugins\/seo\/ -->\n<title>Consultante pu\u00e9ricultrice - La vie en soie<\/title>\n<meta name=\"robots\" content=\"index, follow, max-snippet:-1, max-image-preview:large, max-video-preview:-1\" \/>\n<link rel=\"canonical\" href=\"https:\/\/lavieensoie.fr\/index.php\/nos-professionnels\/equipe\/consultante-puericultrice\/\" \/>\n<meta property=\"og:locale\" content=\"fr_FR\" \/>\n<meta property=\"og:type\" content=\"article\" \/>\n<meta property=\"og:title\" content=\"Consultante pu\u00e9ricultrice - La vie en soie\" \/>\n<meta property=\"og:url\" content=\"https:\/\/lavieensoie.fr\/index.php\/nos-professionnels\/equipe\/consultante-puericultrice\/\" \/>\n<meta property=\"og:site_name\" content=\"La vie en soie\" \/>\n<meta property=\"article:modified_time\" content=\"2024-10-18T15:24:03+00:00\" \/>\n<meta name=\"twitter:card\" content=\"summary_large_image\" \/>\n<meta name=\"twitter:label1\" content=\"Dur\u00e9e de lecture estim\u00e9e\" \/>\n\t<meta name=\"twitter:data1\" content=\"8 minutes\" \/>\n<script type=\"application\/ld+json\" class=\"yoast-schema-graph\">{\"@context\":\"https:\/\/schema.org\",\"@graph\":[{\"@type\":\"WebPage\",\"@id\":\"https:\/\/lavieensoie.fr\/index.php\/nos-professionnels\/equipe\/consultante-puericultrice\/\",\"url\":\"https:\/\/lavieensoie.fr\/index.php\/nos-professionnels\/equipe\/consultante-puericultrice\/\",\"name\":\"Consultante pu\u00e9ricultrice - La vie en soie\",\"isPartOf\":{\"@id\":\"https:\/\/lavieensoie.fr\/#website\"},\"datePublished\":\"2021-12-22T14:30:32+00:00\",\"dateModified\":\"2024-10-18T15:24:03+00:00\",\"breadcrumb\":{\"@id\":\"https:\/\/lavieensoie.fr\/index.php\/nos-professionnels\/equipe\/consultante-puericultrice\/#breadcrumb\"},\"inLanguage\":\"fr-FR\",\"potentialAction\":[{\"@type\":\"ReadAction\",\"target\":[\"https:\/\/lavieensoie.fr\/index.php\/nos-professionnels\/equipe\/consultante-puericultrice\/\"]}]},{\"@type\":\"BreadcrumbList\",\"@id\":\"https:\/\/lavieensoie.fr\/index.php\/nos-professionnels\/equipe\/consultante-puericultrice\/#breadcrumb\",\"itemListElement\":[{\"@type\":\"ListItem\",\"position\":1,\"name\":\"Accueil\",\"item\":\"https:\/\/lavieensoie.fr\/\"},{\"@type\":\"ListItem\",\"position\":2,\"name\":\"Nos professionnels\",\"item\":\"https:\/\/lavieensoie.fr\/index.php\/nos-professionnels\/\"},{\"@type\":\"ListItem\",\"position\":3,\"name\":\"Equipe\",\"item\":\"https:\/\/lavieensoie.fr\/index.php\/nos-professionnels\/equipe\/\"},{\"@type\":\"ListItem\",\"position\":4,\"name\":\"Consultante pu\u00e9ricultrice\"}]},{\"@type\":\"WebSite\",\"@id\":\"https:\/\/lavieensoie.fr\/#website\",\"url\":\"https:\/\/lavieensoie.fr\/\",\"name\":\"La vie en soie\",\"description\":\"Bien-\u00eatre parents enfants\",\"publisher\":{\"@id\":\"https:\/\/lavieensoie.fr\/#organization\"},\"potentialAction\":[{\"@type\":\"SearchAction\",\"target\":{\"@type\":\"EntryPoint\",\"urlTemplate\":\"https:\/\/lavieensoie.fr\/?s={search_term_string}\"},\"query-input\":\"required name=search_term_string\"}],\"inLanguage\":\"fr-FR\"},{\"@type\":\"Organization\",\"@id\":\"https:\/\/lavieensoie.fr\/#organization\",\"name\":\"La vie en soie\",\"url\":\"https:\/\/lavieensoie.fr\/\",\"logo\":{\"@type\":\"ImageObject\",\"inLanguage\":\"fr-FR\",\"@id\":\"https:\/\/lavieensoie.fr\/#\/schema\/logo\/image\/\",\"url\":\"https:\/\/lavieensoie.fr\/wp-content\/uploads\/2021\/08\/cropped-Sans-titre-3.png\",\"contentUrl\":\"https:\/\/lavieensoie.fr\/wp-content\/uploads\/2021\/08\/cropped-Sans-titre-3.png\",\"width\":500,\"height\":500,\"caption\":\"La vie en soie\"},\"image\":{\"@id\":\"https:\/\/lavieensoie.fr\/#\/schema\/logo\/image\/\"}}]}<\/script>\n<!-- \/ Yoast SEO plugin. -->","yoast_head_json":{"title":"Consultante pu\u00e9ricultrice - La vie en soie","robots":{"index":"index","follow":"follow","max-snippet":"max-snippet:-1","max-image-preview":"max-image-preview:large","max-video-preview":"max-video-preview:-1"},"canonical":"https:\/\/lavieensoie.fr\/index.php\/nos-professionnels\/equipe\/consultante-puericultrice\/","og_locale":"fr_FR","og_type":"article","og_title":"Consultante pu\u00e9ricultrice - La vie en soie","og_url":"https:\/\/lavieensoie.fr\/index.php\/nos-professionnels\/equipe\/consultante-puericultrice\/","og_site_name":"La vie en soie","article_modified_time":"2024-10-18T15:24:03+00:00","twitter_card":"summary_large_image","twitter_misc":{"Dur\u00e9e de lecture estim\u00e9e":"8 minutes"},"schema":{"@context":"https:\/\/schema.org","@graph":[{"@type":"WebPage","@id":"https:\/\/lavieensoie.fr\/index.php\/nos-professionnels\/equipe\/consultante-puericultrice\/","url":"https:\/\/lavieensoie.fr\/index.php\/nos-professionnels\/equipe\/consultante-puericultrice\/","name":"Consultante pu\u00e9ricultrice - La vie en soie","isPartOf":{"@id":"https:\/\/lavieensoie.fr\/#website"},"datePublished":"2021-12-22T14:30:32+00:00","dateModified":"2024-10-18T15:24:03+00:00","breadcrumb":{"@id":"https:\/\/lavieensoie.fr\/index.php\/nos-professionnels\/equipe\/consultante-puericultrice\/#breadcrumb"},"inLanguage":"fr-FR","potentialAction":[{"@type":"ReadAction","target":["https:\/\/lavieensoie.fr\/index.php\/nos-professionnels\/equipe\/consultante-puericultrice\/"]}]},{"@type":"BreadcrumbList","@id":"https:\/\/lavieensoie.fr\/index.php\/nos-professionnels\/equipe\/consultante-puericultrice\/#breadcrumb","itemListElement":[{"@type":"ListItem","position":1,"name":"Accueil","item":"https:\/\/lavieensoie.fr\/"},{"@type":"ListItem","position":2,"name":"Nos professionnels","item":"https:\/\/lavieensoie.fr\/index.php\/nos-professionnels\/"},{"@type":"ListItem","position":3,"name":"Equipe","item":"https:\/\/lavieensoie.fr\/index.php\/nos-professionnels\/equipe\/"},{"@type":"ListItem","position":4,"name":"Consultante pu\u00e9ricultrice"}]},{"@type":"WebSite","@id":"https:\/\/lavieensoie.fr\/#website","url":"https:\/\/lavieensoie.fr\/","name":"La vie en soie","description":"Bien-\u00eatre parents enfants","publisher":{"@id":"https:\/\/lavieensoie.fr\/#organization"},"potentialAction":[{"@type":"SearchAction","target":{"@type":"EntryPoint","urlTemplate":"https:\/\/lavieensoie.fr\/?s={search_term_string}"},"query-input":"required name=search_term_string"}],"inLanguage":"fr-FR"},{"@type":"Organization","@id":"https:\/\/lavieensoie.fr\/#organization","name":"La vie en soie","url":"https:\/\/lavieensoie.fr\/","logo":{"@type":"ImageObject","inLanguage":"fr-FR","@id":"https:\/\/lavieensoie.fr\/#\/schema\/logo\/image\/","url":"https:\/\/lavieensoie.fr\/wp-content\/uploads\/2021\/08\/cropped-Sans-titre-3.png","contentUrl":"https:\/\/lavieensoie.fr\/wp-content\/uploads\/2021\/08\/cropped-Sans-titre-3.png","width":500,"height":500,"caption":"La vie en soie"},"image":{"@id":"https:\/\/lavieensoie.fr\/#\/schema\/logo\/image\/"}}]}},"_links":{"self":[{"href":"https:\/\/lavieensoie.fr\/index.php\/wp-json\/wp\/v2\/pages\/3412","targetHints":{"allow":["GET"]}}],"collection":[{"href":"https:\/\/lavieensoie.fr\/index.php\/wp-json\/wp\/v2\/pages"}],"about":[{"href":"https:\/\/lavieensoie.fr\/index.php\/wp-json\/wp\/v2\/types\/page"}],"author":[{"embeddable":true,"href":"https:\/\/lavieensoie.fr\/index.php\/wp-json\/wp\/v2\/users\/2"}],"replies":[{"embeddable":true,"href":"https:\/\/lavieensoie.fr\/index.php\/wp-json\/wp\/v2\/comments?post=3412"}],"version-history":[{"count":10,"href":"https:\/\/lavieensoie.fr\/index.php\/wp-json\/wp\/v2\/pages\/3412\/revisions"}],"predecessor-version":[{"id":9118,"href":"https:\/\/lavieensoie.fr\/index.php\/wp-json\/wp\/v2\/pages\/3412\/revisions\/9118"}],"up":[{"embeddable":true,"href":"https:\/\/lavieensoie.fr\/index.php\/wp-json\/wp\/v2\/pages\/1720"}],"wp:attachment":[{"href":"https:\/\/lavieensoie.fr\/index.php\/wp-json\/wp\/v2\/media?parent=3412"}],"curies":[{"name":"wp","href":"https:\/\/api.w.org\/{rel}","templated":true}]}}