{"id":2631,"date":"2021-10-15T13:17:54","date_gmt":"2021-10-15T11:17:54","guid":{"rendered":"https:\/\/lavieensoie.fr\/?page_id=2631"},"modified":"2024-10-18T15:33:35","modified_gmt":"2024-10-18T13:33:35","slug":"mentions-legales","status":"publish","type":"page","link":"https:\/\/lavieensoie.fr\/index.php\/mentions-legales\/","title":{"rendered":"Mentions l\u00e9gales"},"content":{"rendered":"<div class=\"fusion-fullwidth fullwidth-box fusion-builder-row-1 nonhundred-percent-fullwidth non-hundred-percent-height-scrolling\" style=\"--awb-border-radius-top-left:0px;--awb-border-radius-top-right:0px;--awb-border-radius-bottom-right:0px;--awb-border-radius-bottom-left:0px;--awb-flex-wrap:wrap;\" ><div class=\"fusion-builder-row fusion-row\"><div class=\"fusion-layout-column fusion_builder_column fusion-builder-column-0 fusion_builder_column_1_1 1_1 fusion-one-full fusion-column-first fusion-column-last\" style=\"--awb-bg-size:cover;\"><div class=\"fusion-column-wrapper fusion-column-has-shadow fusion-flex-column-wrapper-legacy\"><div class=\"fusion-text fusion-text-1\"><p><strong>Mentions l\u00e9gales<\/strong><\/p>\n<p><strong>Editeur :<\/strong><\/p>\n<p><strong>La vie en soie<\/strong><br \/>\n193 Rue Marcel M\u00e9rieux<br \/>\n69007 Lyon<\/p>\n<p>N\u00b0 SIRET : 900\u00a0338\u00a0419 00014<br \/>\nCapital Social : 20 000,00 \u20ac<br \/>\nDirectrice de Publication : Mme THERY St\u00e9phanie<\/p>\n<p>T\u00e9l\u00e9phone : 04 28\u00a029 29 21<br \/>\nMail :\u00a0<a href=\"mailto:contact@lavieensoie.fr\">contact@lavieensoie.fr<\/a><\/p>\n<p><strong>Cr\u00e9ation du site internet :<\/strong><\/p>\n<p>St\u00e9phanie THERY<br \/>\nMail : s.thery@lavieensoie.fr<\/p>\n<p><strong>H\u00e9bergement :<\/strong><\/p>\n<p>OVH<\/p>\n<p>2 rue Kellerman<\/p>\n<p>BP80157 \u2013 59053 ROUBAIX cedex<\/p>\n<p>LA VIE EN SOIE s\u2019engage \u00e0 ce que les traitements de donn\u00e9es personnelles effectu\u00e9s sur <a href=\"http:\/\/www.lavieensoie.fr\">www.lavieensoie.fr<\/a> soient conformes au r\u00e8glement g\u00e9n\u00e9ral sur la protection des donn\u00e9es (RGPD) et \u00e0 la loi Informatique et Libert\u00e9s.<\/p>\n<p><strong>Politique de protection des donn\u00e9es<\/strong><\/p>\n<p>Chaque service en ligne limite la collecte des donn\u00e9es personnelles au strict n\u00e9cessaire (minimisation des donn\u00e9es) et s\u2019accompagne d\u2019une information sur demande par mail <u>contact@lavieensoie.fr<\/u> :<\/p>\n<ul>\n<li>le responsable du traitement et les objectifs du recueil de ces donn\u00e9es (finalit\u00e9s) ;<\/li>\n<li>la base juridique du traitement de donn\u00e9es\u00a0;<\/li>\n<li>le caract\u00e8re obligatoire ou facultatif du recueil des donn\u00e9es pour la gestion de votre demande et le rappel des cat\u00e9gories de donn\u00e9es trait\u00e9es ;<\/li>\n<li>la source des donn\u00e9es (lorsque d\u2019autres donn\u00e9es que celles fournies via le service en ligne sont utilis\u00e9es pour le traitement de votre demande) ;<\/li>\n<li>les cat\u00e9gories de personnes concern\u00e9es\u00a0;<\/li>\n<li>les destinataires des donn\u00e9es (uniquement LA VIE EN SOIE en principe, sauf pr\u00e9cision lorsqu\u2019une transmission \u00e0 un tiers est n\u00e9cessaire) ;<\/li>\n<li>la dur\u00e9e de conservation des donn\u00e9es\u00a0;<\/li>\n<li>les mesures de s\u00e9curit\u00e9 (description g\u00e9n\u00e9rale)\u00a0;<\/li>\n<li>l\u2019existence \u00e9ventuelle de transferts de donn\u00e9es hors de l\u2019Union europ\u00e9enne ou de prises de d\u00e9cision automatis\u00e9es\u00a0;<\/li>\n<li>vos droits Informatique et Libert\u00e9s et la fa\u00e7on de les exercer aupr\u00e8s de la SARL LA VIE EN SOIE.<\/li>\n<\/ul>\n<p>Les donn\u00e9es personnelles recueillies dans le cadre des services propos\u00e9s sur <u>www.lavieensoie.fr<\/u> sont trait\u00e9es selon des protocoles s\u00e9curis\u00e9s et permettent \u00e0 la Sarl LA VIE EN SOIE de g\u00e9rer les\u00a0 demandes re\u00e7ues dans ses applications informatiques.<\/p>\n<p><strong>Exercer vos droits<\/strong><\/p>\n<p>Pour toute information ou exercice de vos droits Informatique et Libert\u00e9s sur les traitements de donn\u00e9es personnelles g\u00e9r\u00e9s par la SARL LA VIE EN SOIE, vous pouvez contacter son responsable des traitements par mail\u00a0: <a href=\"mailto:contact@lavieensoie.fr\">contact@lavieensoie.fr<\/a><\/p>\n<\/div><div class=\"fusion-clearfix\"><\/div><\/div><\/div><\/div><\/div>\n","protected":false},"excerpt":{"rendered":"","protected":false},"author":2,"featured_media":0,"parent":0,"menu_order":0,"comment_status":"closed","ping_status":"closed","template":"100-width.php","meta":{"footnotes":""},"class_list":["post-2631","page","type-page","status-publish","hentry"],"acf":[],"yoast_head":"<!-- This site is optimized with the Yoast SEO plugin v21.1 - https:\/\/yoast.com\/wordpress\/plugins\/seo\/ -->\n<title>Mentions l\u00e9gales - La vie en soie<\/title>\n<meta name=\"robots\" content=\"index, follow, max-snippet:-1, max-image-preview:large, max-video-preview:-1\" \/>\n<link rel=\"canonical\" href=\"https:\/\/lavieensoie.fr\/index.php\/mentions-legales\/\" \/>\n<meta property=\"og:locale\" content=\"fr_FR\" \/>\n<meta property=\"og:type\" content=\"article\" \/>\n<meta property=\"og:title\" content=\"Mentions l\u00e9gales - La vie en soie\" \/>\n<meta property=\"og:url\" content=\"https:\/\/lavieensoie.fr\/index.php\/mentions-legales\/\" \/>\n<meta property=\"og:site_name\" content=\"La vie en soie\" \/>\n<meta property=\"article:modified_time\" content=\"2024-10-18T13:33:35+00:00\" \/>\n<meta name=\"twitter:card\" content=\"summary_large_image\" \/>\n<meta name=\"twitter:label1\" content=\"Dur\u00e9e de lecture estim\u00e9e\" \/>\n\t<meta name=\"twitter:data1\" content=\"5 minutes\" \/>\n<script type=\"application\/ld+json\" class=\"yoast-schema-graph\">{\"@context\":\"https:\/\/schema.org\",\"@graph\":[{\"@type\":\"WebPage\",\"@id\":\"https:\/\/lavieensoie.fr\/index.php\/mentions-legales\/\",\"url\":\"https:\/\/lavieensoie.fr\/index.php\/mentions-legales\/\",\"name\":\"Mentions l\u00e9gales - La vie en soie\",\"isPartOf\":{\"@id\":\"https:\/\/lavieensoie.fr\/#website\"},\"datePublished\":\"2021-10-15T11:17:54+00:00\",\"dateModified\":\"2024-10-18T13:33:35+00:00\",\"breadcrumb\":{\"@id\":\"https:\/\/lavieensoie.fr\/index.php\/mentions-legales\/#breadcrumb\"},\"inLanguage\":\"fr-FR\",\"potentialAction\":[{\"@type\":\"ReadAction\",\"target\":[\"https:\/\/lavieensoie.fr\/index.php\/mentions-legales\/\"]}]},{\"@type\":\"BreadcrumbList\",\"@id\":\"https:\/\/lavieensoie.fr\/index.php\/mentions-legales\/#breadcrumb\",\"itemListElement\":[{\"@type\":\"ListItem\",\"position\":1,\"name\":\"Accueil\",\"item\":\"https:\/\/lavieensoie.fr\/\"},{\"@type\":\"ListItem\",\"position\":2,\"name\":\"Mentions l\u00e9gales\"}]},{\"@type\":\"WebSite\",\"@id\":\"https:\/\/lavieensoie.fr\/#website\",\"url\":\"https:\/\/lavieensoie.fr\/\",\"name\":\"La vie en soie\",\"description\":\"Bien-\u00eatre parents enfants\",\"publisher\":{\"@id\":\"https:\/\/lavieensoie.fr\/#organization\"},\"potentialAction\":[{\"@type\":\"SearchAction\",\"target\":{\"@type\":\"EntryPoint\",\"urlTemplate\":\"https:\/\/lavieensoie.fr\/?s={search_term_string}\"},\"query-input\":\"required name=search_term_string\"}],\"inLanguage\":\"fr-FR\"},{\"@type\":\"Organization\",\"@id\":\"https:\/\/lavieensoie.fr\/#organization\",\"name\":\"La vie en soie\",\"url\":\"https:\/\/lavieensoie.fr\/\",\"logo\":{\"@type\":\"ImageObject\",\"inLanguage\":\"fr-FR\",\"@id\":\"https:\/\/lavieensoie.fr\/#\/schema\/logo\/image\/\",\"url\":\"https:\/\/lavieensoie.fr\/wp-content\/uploads\/2021\/08\/cropped-Sans-titre-3.png\",\"contentUrl\":\"https:\/\/lavieensoie.fr\/wp-content\/uploads\/2021\/08\/cropped-Sans-titre-3.png\",\"width\":500,\"height\":500,\"caption\":\"La vie en soie\"},\"image\":{\"@id\":\"https:\/\/lavieensoie.fr\/#\/schema\/logo\/image\/\"}}]}<\/script>\n<!-- \/ Yoast SEO plugin. -->","yoast_head_json":{"title":"Mentions l\u00e9gales - La vie en soie","robots":{"index":"index","follow":"follow","max-snippet":"max-snippet:-1","max-image-preview":"max-image-preview:large","max-video-preview":"max-video-preview:-1"},"canonical":"https:\/\/lavieensoie.fr\/index.php\/mentions-legales\/","og_locale":"fr_FR","og_type":"article","og_title":"Mentions l\u00e9gales - La vie en soie","og_url":"https:\/\/lavieensoie.fr\/index.php\/mentions-legales\/","og_site_name":"La vie en soie","article_modified_time":"2024-10-18T13:33:35+00:00","twitter_card":"summary_large_image","twitter_misc":{"Dur\u00e9e de lecture estim\u00e9e":"5 minutes"},"schema":{"@context":"https:\/\/schema.org","@graph":[{"@type":"WebPage","@id":"https:\/\/lavieensoie.fr\/index.php\/mentions-legales\/","url":"https:\/\/lavieensoie.fr\/index.php\/mentions-legales\/","name":"Mentions l\u00e9gales - La vie en soie","isPartOf":{"@id":"https:\/\/lavieensoie.fr\/#website"},"datePublished":"2021-10-15T11:17:54+00:00","dateModified":"2024-10-18T13:33:35+00:00","breadcrumb":{"@id":"https:\/\/lavieensoie.fr\/index.php\/mentions-legales\/#breadcrumb"},"inLanguage":"fr-FR","potentialAction":[{"@type":"ReadAction","target":["https:\/\/lavieensoie.fr\/index.php\/mentions-legales\/"]}]},{"@type":"BreadcrumbList","@id":"https:\/\/lavieensoie.fr\/index.php\/mentions-legales\/#breadcrumb","itemListElement":[{"@type":"ListItem","position":1,"name":"Accueil","item":"https:\/\/lavieensoie.fr\/"},{"@type":"ListItem","position":2,"name":"Mentions l\u00e9gales"}]},{"@type":"WebSite","@id":"https:\/\/lavieensoie.fr\/#website","url":"https:\/\/lavieensoie.fr\/","name":"La vie en soie","description":"Bien-\u00eatre parents enfants","publisher":{"@id":"https:\/\/lavieensoie.fr\/#organization"},"potentialAction":[{"@type":"SearchAction","target":{"@type":"EntryPoint","urlTemplate":"https:\/\/lavieensoie.fr\/?s={search_term_string}"},"query-input":"required name=search_term_string"}],"inLanguage":"fr-FR"},{"@type":"Organization","@id":"https:\/\/lavieensoie.fr\/#organization","name":"La vie en soie","url":"https:\/\/lavieensoie.fr\/","logo":{"@type":"ImageObject","inLanguage":"fr-FR","@id":"https:\/\/lavieensoie.fr\/#\/schema\/logo\/image\/","url":"https:\/\/lavieensoie.fr\/wp-content\/uploads\/2021\/08\/cropped-Sans-titre-3.png","contentUrl":"https:\/\/lavieensoie.fr\/wp-content\/uploads\/2021\/08\/cropped-Sans-titre-3.png","width":500,"height":500,"caption":"La vie en soie"},"image":{"@id":"https:\/\/lavieensoie.fr\/#\/schema\/logo\/image\/"}}]}},"_links":{"self":[{"href":"https:\/\/lavieensoie.fr\/index.php\/wp-json\/wp\/v2\/pages\/2631","targetHints":{"allow":["GET"]}}],"collection":[{"href":"https:\/\/lavieensoie.fr\/index.php\/wp-json\/wp\/v2\/pages"}],"about":[{"href":"https:\/\/lavieensoie.fr\/index.php\/wp-json\/wp\/v2\/types\/page"}],"author":[{"embeddable":true,"href":"https:\/\/lavieensoie.fr\/index.php\/wp-json\/wp\/v2\/users\/2"}],"replies":[{"embeddable":true,"href":"https:\/\/lavieensoie.fr\/index.php\/wp-json\/wp\/v2\/comments?post=2631"}],"version-history":[{"count":7,"href":"https:\/\/lavieensoie.fr\/index.php\/wp-json\/wp\/v2\/pages\/2631\/revisions"}],"predecessor-version":[{"id":9058,"href":"https:\/\/lavieensoie.fr\/index.php\/wp-json\/wp\/v2\/pages\/2631\/revisions\/9058"}],"wp:attachment":[{"href":"https:\/\/lavieensoie.fr\/index.php\/wp-json\/wp\/v2\/media?parent=2631"}],"curies":[{"name":"wp","href":"https:\/\/api.w.org\/{rel}","templated":true}]}}